{"id":305,"date":"2025-01-19T21:40:46","date_gmt":"2025-01-19T21:40:46","guid":{"rendered":"https:\/\/demosites.royal-elementor-addons.com\/nature-v1\/?page_id=305"},"modified":"2026-01-19T19:39:47","modified_gmt":"2026-01-19T19:39:47","slug":"kontaktid","status":"publish","type":"page","link":"https:\/\/wess-broker.locawork.ee\/en\/kontaktid\/","title":{"rendered":"KONTAKTID"},"content":{"rendered":"<div data-elementor-type=\"wp-page\" data-elementor-id=\"305\" class=\"elementor elementor-305\">\n\t\t\t\t\t\t<section class=\"elementor-section elementor-top-section elementor-element elementor-element-b679935 elementor-section-full_width elementor-section-height-default elementor-section-height-default wpr-particle-no wpr-jarallax-no wpr-parallax-no wpr-sticky-section-no\" data-id=\"b679935\" data-element_type=\"section\" data-settings=\"{&quot;background_background&quot;:&quot;classic&quot;}\">\n\t\t\t\t\t\t\t<div class=\"elementor-background-overlay\"><\/div>\n\t\t\t\t\t\t\t<div class=\"elementor-container elementor-column-gap-default\">\n\t\t\t\t\t<div class=\"elementor-column elementor-col-100 elementor-top-column elementor-element elementor-element-2fa5267\" data-id=\"2fa5267\" data-element_type=\"column\">\n\t\t\t<div class=\"elementor-widget-wrap elementor-element-populated\">\n\t\t\t\t\t\t<div class=\"elementor-element elementor-element-f1bf96d elementor-widget elementor-widget-heading\" data-id=\"f1bf96d\" data-element_type=\"widget\" data-widget_type=\"heading.default\">\n\t\t\t\t<div class=\"elementor-widget-container\">\n\t\t\t\t\t<h2 class=\"elementor-heading-title elementor-size-default\">SURFACES \/ SALES INFORMATION<\/h2>\t\t\t\t<\/div>\n\t\t\t\t<\/div>\n\t\t\t\t\t<\/div>\n\t\t<\/div>\n\t\t\t\t\t<\/div>\n\t\t<\/section>\n\t\t\t\t<section class=\"elementor-section elementor-top-section elementor-element elementor-element-c738529 elementor-section-boxed elementor-section-height-default elementor-section-height-default wpr-particle-no wpr-jarallax-no wpr-parallax-no wpr-sticky-section-no\" data-id=\"c738529\" data-element_type=\"section\">\n\t\t\t\t\t\t<div class=\"elementor-container elementor-column-gap-default\">\n\t\t\t\t\t<div class=\"elementor-column elementor-col-100 elementor-top-column elementor-element elementor-element-6d37d7a\" data-id=\"6d37d7a\" data-element_type=\"column\">\n\t\t\t<div class=\"elementor-widget-wrap elementor-element-populated\">\n\t\t\t\t\t\t<div class=\"elementor-element elementor-element-8ccd405 elementor-widget elementor-widget-text-editor\" data-id=\"8ccd405\" data-element_type=\"widget\" data-widget_type=\"text-editor.default\">\n\t\t\t\t<div class=\"elementor-widget-container\">\n\t\t\t\t\t\t\t\t\t<div style=\"display: inline;\"><i class=\"fa fa-square\" style=\"color: black;\" aria-hidden=\"true\"><\/i> \u2013 Free spots<br \/><i class=\"fa fa-square\" style=\"color: yellow;\" aria-hidden=\"true\"><\/i> \u2013 Booked spots<br \/><i class=\"fa fa-square\" style=\"color: red;\" aria-hidden=\"true\"><\/i> \u2013 Sold spots<br \/><i class=\"fa fa-info-circle\" aria-hidden=\"true\"><\/i> Click on a floor to see a floor plan, or click on a room to buy or view a room.<div>\u00a0<\/div><\/div>\t\t\t\t\t\t\t\t<\/div>\n\t\t\t\t<\/div>\n\t\t\t\t<div class=\"elementor-element elementor-element-a14f777 elementor-widget elementor-widget-shortcode\" data-id=\"a14f777\" data-element_type=\"widget\" data-widget_type=\"shortcode.default\">\n\t\t\t\t<div class=\"elementor-widget-container\">\n\t\t\t\t\t\t\t<div class=\"elementor-shortcode\">[ladu]\n<\/div>\n\t\t\t\t\t\t<\/div>\n\t\t\t\t<\/div>\n\t\t\t\t\t<\/div>\n\t\t<\/div>\n\t\t\t\t\t<\/div>\n\t\t<\/section>\n\t\t<div class=\"elementor-element elementor-element-c153b9c e-flex e-con-boxed wpr-particle-no wpr-jarallax-no wpr-parallax-no wpr-sticky-section-no e-con e-parent\" data-id=\"c153b9c\" data-element_type=\"container\">\n\t\t\t\t\t<div class=\"e-con-inner\">\n\t\t\t\t<div class=\"elementor-element elementor-element-8ab84d1 elementor-widget elementor-widget-shortcode\" data-id=\"8ab84d1\" data-element_type=\"widget\" data-widget_type=\"shortcode.default\">\n\t\t\t\t<div class=\"elementor-widget-container\">\n\t\t\t\t\t\t\t<div class=\"elementor-shortcode\">[csvtohtml_create css_max_width=\"700\" header_type=\"sticky\" header_backgroundcolor=\"#22B1FF\" header_textcolor=\"#343434\" source_type=\"guess\" source_files=\"https:\/\/wess-broker.locawork.ee\/wp-content\/uploads\/2025\/06\/08-06-2025.csv\" convert_encoding_from=\"UTF-8\" convert_encoding_to=\"UTF-8\" sort_cols=\"1\" sort_cols_order=\"asc\" search_realtime=\"yes\" downloadable=\"no\"  design_template=\"thinlines\" ]<\/div>\n\t\t\t\t\t\t<\/div>\n\t\t\t\t<\/div>\n\t\t\t\t\t<\/div>\n\t\t\t\t<\/div>\n\t\t<div class=\"elementor-element elementor-element-03a3d5f e-flex e-con-boxed wpr-particle-no wpr-jarallax-no wpr-parallax-no wpr-sticky-section-no e-con e-parent\" data-id=\"03a3d5f\" data-element_type=\"container\">\n\t\t\t\t\t<div class=\"e-con-inner\">\n\t\t\t\t<div class=\"elementor-element elementor-element-8f53f06 wpr-tabs-position-above wpr-tabs-hr-position-justify wpr-tabs-icon-position-left wpr-tabs-triangle-yes wpr-tabs-triangle-type-outer elementor-widget elementor-widget-wpr-tabs\" data-id=\"8f53f06\" data-element_type=\"widget\" data-settings=\"{&quot;tab_transition_duration&quot;:0.1000000000000000055511151231257827021181583404541015625}\" data-widget_type=\"wpr-tabs.default\">\n\t\t\t\t<div class=\"elementor-widget-container\">\n\t\t\t\t\t\t\t\n\t\t<div class=\"wpr-tabs\" data-options=\"{&quot;activeTab&quot;:1,&quot;trigger&quot;:&quot;click&quot;,&quot;autoplay&quot;:&quot;&quot;,&quot;autoplaySpeed&quot;:0}\">\n\t\t\t\n\t\t\t<div class=\"wpr-tabs-wrap\">\n\t\t\t\t\n\t\t\t\t<div id=\"wpr-tab-1501\" class=\"wpr-tab elementor-repeater-item-2326b07\" data-tab=\"1\">\n\t\t\t\t\t\n\t\t\t\t\t\t\t\t\t\t<div class=\"wpr-tab-title\">ADDITIONAL INFORMATION<\/div>\n\t\t\t\t\t\n\t\t\t\t\t\t\t\t\t\n\t\t\t\t<\/div>\n\n\t\t\t\t\n\t\t\t\t<div id=\"wpr-tab-1502\" class=\"wpr-tab elementor-repeater-item-94da091\" data-tab=\"2\">\n\t\t\t\t\t\n\t\t\t\t\t\t\t\t\t\t<div class=\"wpr-tab-title\">READINESS<\/div>\n\t\t\t\t\t\n\t\t\t\t\t\t\t\t\t\n\t\t\t\t<\/div>\n\n\t\t\t\t\n\t\t\t\t<div id=\"wpr-tab-1503\" class=\"wpr-tab elementor-repeater-item-9bcdda6\" data-tab=\"3\">\n\t\t\t\t\t\n\t\t\t\t\t\t\t\t\t\t<div class=\"wpr-tab-title\">OFFICES<\/div>\n\t\t\t\t\t\n\t\t\t\t\t\t\t\t\t\n\t\t\t\t<\/div>\n\n\t\t\t\t\t\t\t<\/div>\n\n\t\t\t<div class=\"wpr-tabs-content-wrap\">\n\t\t\t\t\n\t\t\t\t<div id=\"wpr-tab-content-1501\" class=\"wpr-tab-content elementor-repeater-item-2326b07\" data-tab=\"1\">\n\t\t\t\t\t<div class=\"wpr-tab-content-inner elementor-clearfix wpr-anim-size-large wpr-overlay-fade-in\"><p>Parking: the property has 36 parking spaces, 6 of which are for charging electric cars, parking in free spaces<br \/><br \/>The territory is video-monitored, limited by a barrier and a modular fence H=1.5 m.<br \/><br \/>Uste lukustuss\u00fcsteem on programmeritavate \"tablettidega\" ja avatavad distantsilt l\u00e4bi fonos\u00fcsteemi<br \/><br \/><br \/><\/p><p>The booths have: <br \/>Heights of warehouses H=6.0 m (warehouses with an area of more than 40 m2) or H=3.5 m (warehouses with an area of less than 40 m2)<br \/><br \/><br \/>All storage boxes have a r\/v sink with a faucet and a water outlet<br \/><br \/>Each stall has a drain trap in the zone of the sloping floor<br \/><br \/>Lifts: motorized, with windows, remotely openable<br \/><br \/>Video surveillance system (camera) in every booth + in the parking lot and perimeter of the building<br \/><br \/>The building's heating system is based on gas heating (its own gas boiler)<br \/><br \/>The heating of the warehouses is solved with adjustable hot water heaters, in the offices with radiators<br \/><br \/>Each booth has its own electricity meter<br \/><br \/>Electric power in booths 16A...32A depending on the size of the booth<br \/><br \/>Heat recovery ventilation in all rooms<br \/><br \/>Internet : igas boksis on wifi-ruuter, hoonesse tuleb Telia valguskaabel<\/p><p>\u00a0<\/p><\/div>\t\t\t\t<\/div>\n\n\t\t\t\t\n\t\t\t\t<div id=\"wpr-tab-content-1502\" class=\"wpr-tab-content elementor-repeater-item-94da091\" data-tab=\"2\">\n\t\t\t\t\t<div class=\"wpr-tab-content-inner elementor-clearfix wpr-anim-size-large wpr-overlay-fade-in\"><p>Booths larger than 50 m2 are equipped with a toilet and shower<br \/><br \/>Booths with an area of less than 50 m2 are equipped with a toilet (with a sink).<br \/><br \/>The booths with a height of H=6.0 m are ready for the construction of office space (with a kitchenette)<\/p><\/div>\t\t\t\t<\/div>\n\n\t\t\t\t\n\t\t\t\t<div id=\"wpr-tab-content-1503\" class=\"wpr-tab-content elementor-repeater-item-9bcdda6\" data-tab=\"3\">\n\t\t\t\t\t<div class=\"wpr-tab-content-inner elementor-clearfix wpr-anim-size-large wpr-overlay-fade-in\"><p>The office spaces in the office blocks (A, B and C) also include the 1st floor. Toilets + shower (shared use)<br \/><br \/>All offices are equipped with a kitchenette<br \/><br \/>All offices in the office block have cooling devices<\/p><\/div>\t\t\t\t<\/div>\n\n\t\t\t\t\t\t\t<\/div>\n\n\t\t<\/div>\n\n\t\t\t\t\t\t<\/div>\n\t\t\t\t<\/div>\n\t\t\t\t\t<\/div>\n\t\t\t\t<\/div>\n\t\t\t\t<\/div>","protected":false},"excerpt":{"rendered":"<p>PINNAD \/ M\u00dc\u00dcGIINFO &#8211; Vabad pinnad &#8211; Broneeritud pinnad &#8211; M\u00fc\u00fcdud pinnad Vajutage korruse peale korruseplaani n\u00e4gemiseks v\u00f5i ruumi peale ruumi ostmiseks v\u00f5i vaatamiseks.\u00a0[ladu] [csvtohtml_create css_max_width=&#8221;700&#8243; header_type=&#8221;sticky&#8221; header_backgroundcolor=&#8221;#22B1FF&#8221; header_textcolor=&#8221;#343434&#8243; source_type=&#8221;guess&#8221; source_files=&#8221;https:\/\/wess-broker.locawork.ee\/wp-content\/uploads\/2025\/06\/08-06-2025.csv&#8221; convert_encoding_from=&#8221;UTF-8&#8243; convert_encoding_to=&#8221;UTF-8&#8243; sort_cols=&#8221;1&#8243; sort_cols_order=&#8221;asc&#8221; search_realtime=&#8221;yes&#8221; downloadable=&#8221;no&#8221; design_template=&#8221;thinlines&#8221; ] LISAINFO VALMIDUS B\u00dcROOD Parkimine : kinnistul on 36 parkimiskohta, nendest 6 on elektriautode laadimiseks, parkimine vabadel kohtadel Territoorium on videoj\u00e4lgitav, piiratud t\u00f5kkepuuga ja moodulaiaga H=1,5 m. Uste lukustuss\u00fcsteem on programmeritavate &#8220;tablettidega&#8221; ja avatavad distantsilt l\u00e4bi fonos\u00fcsteemi Boksides on : Laopindade k\u00f5rgused H=6,0 m (laod pindalaga \u00fcle 40 m2) v\u00f5i H=3,5 m (laod pindalaga alla 40 m2) K\u00f5ikides laoboksides on segistiga r\/v kraanikauss ja vee v\u00e4ljav\u00f5tu ots Igas boksis on kaldega p\u00f5randa tsoonis \u00e4ravoolu trapp T\u00f5stuksed : mootoriga , akendega, distantsilt avatavad Video j\u00e4lgimiss\u00fcsteem (kaamera) igas boksis + hoone parklas ja perimeetril Hoone k\u00fcttes\u00fcsteem on lahendatud gaasik\u00fctte baasil (oma gaasikatel) Laobokside k\u00fcte on lahendatud reguleeritavate soojavee kalorifeeridega , b\u00fcroodes radiaatoritega Igal boksil on oma elektrim\u00f5\u00f5dik Elektriv\u00f5imsus boksides 16A&#8230;32A s\u00f5ltuvalt boksi suurusest Soojustagastusega ventilatsioon k\u00f5ikides ruumides Internet : igas boksis on wifi-ruuter, hoonesse tuleb Telia valguskaabel \u00a0 \u00dcle 50 m2 suurusega boksides on wc ja dushi valmidus Alla 50 m2 pindalaga boksides on wc valmidus (kraanikausiga) K\u00f5rgusega H=6,0 m boksides on valmidus b\u00fcroopinna ehitamiseks (koos k\u00f6\u00f6ginurgaga) B\u00fcrooblokkides (A,B ja C) asuvate b\u00fcroopindade juurde kuuluvad ka 1.k. WC-d + dush (\u00fchiskasutuses) K\u00f5ikides b\u00fcroodes on k\u00f6\u00f6ginurga valmidus B\u00fcroobloki k\u00f5ikides b\u00fcroodes on jahutusseadmed<\/p>","protected":false},"author":1,"featured_media":0,"parent":0,"menu_order":0,"comment_status":"closed","ping_status":"closed","template":"elementor_canvas","meta":{"footnotes":""},"class_list":["post-305","page","type-page","status-publish","hentry"],"_links":{"self":[{"href":"https:\/\/wess-broker.locawork.ee\/en\/wp-json\/wp\/v2\/pages\/305","targetHints":{"allow":["GET"]}}],"collection":[{"href":"https:\/\/wess-broker.locawork.ee\/en\/wp-json\/wp\/v2\/pages"}],"about":[{"href":"https:\/\/wess-broker.locawork.ee\/en\/wp-json\/wp\/v2\/types\/page"}],"author":[{"embeddable":true,"href":"https:\/\/wess-broker.locawork.ee\/en\/wp-json\/wp\/v2\/users\/1"}],"replies":[{"embeddable":true,"href":"https:\/\/wess-broker.locawork.ee\/en\/wp-json\/wp\/v2\/comments?post=305"}],"version-history":[{"count":5,"href":"https:\/\/wess-broker.locawork.ee\/en\/wp-json\/wp\/v2\/pages\/305\/revisions"}],"predecessor-version":[{"id":4202,"href":"https:\/\/wess-broker.locawork.ee\/en\/wp-json\/wp\/v2\/pages\/305\/revisions\/4202"}],"wp:attachment":[{"href":"https:\/\/wess-broker.locawork.ee\/en\/wp-json\/wp\/v2\/media?parent=305"}],"curies":[{"name":"wp","href":"https:\/\/api.w.org\/{rel}","templated":true}]}}