{"id":906,"date":"2024-02-20T12:40:43","date_gmt":"2024-02-20T12:40:43","guid":{"rendered":"https:\/\/wess-broker.locawork.ee\/?page_id=906"},"modified":"2024-03-15T18:17:57","modified_gmt":"2024-03-15T18:17:57","slug":"tutvustus","status":"publish","type":"page","link":"https:\/\/wess-broker.locawork.ee\/en\/tutvustus\/","title":{"rendered":"Tutvustus"},"content":{"rendered":"<div data-elementor-type=\"wp-page\" data-elementor-id=\"906\" class=\"elementor elementor-906\">\n\t\t\t\t<div class=\"elementor-element elementor-element-e936ff6 e-flex e-con-boxed wpr-particle-no wpr-jarallax-no wpr-parallax-no wpr-sticky-section-no e-con e-parent\" data-id=\"e936ff6\" data-element_type=\"container\">\n\t\t\t\t\t<div class=\"e-con-inner\">\n\t\t<div class=\"elementor-element elementor-element-79c8115 e-con-full e-flex wpr-particle-no wpr-jarallax-no wpr-parallax-no wpr-sticky-section-no e-con e-child\" data-id=\"79c8115\" data-element_type=\"container\">\n\t\t\t\t<div class=\"elementor-element elementor-element-0b1a520 elementor-widget elementor-widget-heading\" data-id=\"0b1a520\" data-element_type=\"widget\" data-widget_type=\"heading.default\">\n\t\t\t\t<div class=\"elementor-widget-container\">\n\t\t\t\t\t<h1 class=\"elementor-heading-title elementor-size-default\">Soeta omale Helgi laoruum\u200b<\/h1>\t\t\t\t<\/div>\n\t\t\t\t<\/div>\n\t\t\t\t<div class=\"elementor-element elementor-element-771299b elementor-widget elementor-widget-text-editor\" data-id=\"771299b\" data-element_type=\"widget\" data-widget_type=\"text-editor.default\">\n\t\t\t\t<div class=\"elementor-widget-container\">\n\t\t\t\t\t\t\t\t\t<div class=\"flex-1 overflow-hidden\"><div class=\"react-scroll-to-bottom--css-akxyy-79elbk h-full\"><div class=\"react-scroll-to-bottom--css-akxyy-1n7m0yu\"><div class=\"flex flex-col pb-9 text-sm\"><div class=\"w-full text-token-text-primary\" data-testid=\"conversation-turn-17\"><div class=\"px-4 py-2 justify-center text-base md:gap-6 m-auto\"><div class=\"flex flex-1 text-base mx-auto gap-3 md:px-5 lg:px-1 xl:px-5 md:max-w-3xl lg:max-w-[40rem] xl:max-w-[48rem] group final-completion\"><div class=\"relative flex w-full flex-col agent-turn\"><div class=\"flex-col gap-1 md:gap-3\"><div class=\"flex flex-grow flex-col max-w-full\"><div class=\"min-h-[20px] text-message flex flex-col items-start gap-3 whitespace-pre-wrap break-words [.text-message+&amp;]:mt-5 overflow-x-auto\" data-message-author-role=\"assistant\" data-message-id=\"5d8059a8-a20b-4cb8-84bf-9660b8d9ff8b\"><div class=\"markdown prose w-full break-words dark:prose-invert dark\"><p>Alles \u00e4sja valminud avar ja praktiline laoruum ootab omanikku! Kasuta seda kas laona v\u00f5i b\u00fcroohoonena! Hoone asub strateegiliselt soodsas asukohas, pakkudes suurep\u00e4rast v\u00f5imalust ettev\u00f5ttele, kes vajab ladustamisruumi v\u00f5i b\u00fcroohoonet.<\/p><\/div><\/div><\/div><\/div><\/div><\/div><\/div><\/div><\/div><\/div><\/div><\/div><p>See laoruum pakub mitmek\u00fclgset ruumi erinevate kaupade hoidmiseks ja organiseerimiseks. Avarus ja hea planeering v\u00f5imaldavad maksimaalset kasutust ning lihtsat ligip\u00e4\u00e4su kaupadele. Turvalisuse tagamiseks on laoruum varustatud kaasaegsete valve- ja turvas\u00fcsteemidega.<\/p><p>Lisaks suurep\u00e4rasele asukohale ja praktilisele ruumilahendusele pakub Helgi laoruum ka v\u00f5imalust personaalseks kohandamiseks vastavalt teie ettev\u00f5tte vajadustele ja eelistustele. See sobib suurep\u00e4raselt nii v\u00e4iksemate kui ka suuremate ettev\u00f5tete ladudeks v\u00f5i logistikakeskuseks.<\/p><p>\u00c4rge j\u00e4tke seda v\u00f5imalust kasutamata! Helgi laoruum on ideaalne valik teie ettev\u00f5tte ladustamisvajaduste jaoks. V\u00f5tke meiega \u00fchendust juba t\u00e4na ja avastage, kuidas see laoruum saab teie ettev\u00f5tte arengule kaasa aidata!<\/p>\t\t\t\t\t\t\t\t<\/div>\n\t\t\t\t<\/div>\n\t\t\t\t<\/div>\n\t\t<div class=\"elementor-element elementor-element-6c27f3d e-con-full e-flex wpr-particle-no wpr-jarallax-no wpr-parallax-no wpr-sticky-section-no e-con e-child\" data-id=\"6c27f3d\" data-element_type=\"container\">\n\t\t\t\t<div class=\"elementor-element elementor-element-3c2d045 elementor-widget elementor-widget-button\" data-id=\"3c2d045\" data-element_type=\"widget\" data-widget_type=\"button.default\">\n\t\t\t\t<div class=\"elementor-widget-container\">\n\t\t\t\t\t\t\t\t\t<div class=\"elementor-button-wrapper\">\n\t\t\t\t\t<a class=\"elementor-button elementor-button-link elementor-size-sm\" href=\"https:\/\/wess-broker.locawork.ee\/en\/laopinnad\/\">\n\t\t\t\t\t\t<span class=\"elementor-button-content-wrapper\">\n\t\t\t\t\t\t\t\t\t<span class=\"elementor-button-text\">VAATA PINDU<\/span>\n\t\t\t\t\t<\/span>\n\t\t\t\t\t<\/a>\n\t\t\t\t<\/div>\n\t\t\t\t\t\t\t\t<\/div>\n\t\t\t\t<\/div>\n\t\t\t\t<\/div>\n\t\t\t\t\t<\/div>\n\t\t\t\t<\/div>\n\t\t\t\t<\/div>","protected":false},"excerpt":{"rendered":"<p>Soeta omale Helgi laoruum\u200b Alles \u00e4sja valminud avar ja praktiline laoruum ootab omanikku! Kasuta seda kas laona v\u00f5i b\u00fcroohoonena! Hoone asub strateegiliselt soodsas asukohas, pakkudes suurep\u00e4rast v\u00f5imalust ettev\u00f5ttele, kes vajab ladustamisruumi v\u00f5i b\u00fcroohoonet. See laoruum pakub mitmek\u00fclgset ruumi erinevate kaupade hoidmiseks ja organiseerimiseks. Avarus ja hea planeering v\u00f5imaldavad maksimaalset kasutust ning lihtsat ligip\u00e4\u00e4su kaupadele. Turvalisuse tagamiseks on laoruum varustatud kaasaegsete valve- ja turvas\u00fcsteemidega. Lisaks suurep\u00e4rasele asukohale ja praktilisele ruumilahendusele pakub Helgi laoruum ka v\u00f5imalust personaalseks kohandamiseks vastavalt teie ettev\u00f5tte vajadustele ja eelistustele. See sobib suurep\u00e4raselt nii v\u00e4iksemate kui ka suuremate ettev\u00f5tete ladudeks v\u00f5i logistikakeskuseks. \u00c4rge j\u00e4tke seda v\u00f5imalust kasutamata! Helgi laoruum on ideaalne valik teie ettev\u00f5tte ladustamisvajaduste jaoks. V\u00f5tke meiega \u00fchendust juba t\u00e4na ja avastage, kuidas see laoruum saab teie ettev\u00f5tte arengule kaasa aidata! VAATA PINDU<\/p>","protected":false},"author":1,"featured_media":0,"parent":0,"menu_order":0,"comment_status":"closed","ping_status":"closed","template":"","meta":{"footnotes":""},"class_list":["post-906","page","type-page","status-publish","hentry"],"_links":{"self":[{"href":"https:\/\/wess-broker.locawork.ee\/en\/wp-json\/wp\/v2\/pages\/906","targetHints":{"allow":["GET"]}}],"collection":[{"href":"https:\/\/wess-broker.locawork.ee\/en\/wp-json\/wp\/v2\/pages"}],"about":[{"href":"https:\/\/wess-broker.locawork.ee\/en\/wp-json\/wp\/v2\/types\/page"}],"author":[{"embeddable":true,"href":"https:\/\/wess-broker.locawork.ee\/en\/wp-json\/wp\/v2\/users\/1"}],"replies":[{"embeddable":true,"href":"https:\/\/wess-broker.locawork.ee\/en\/wp-json\/wp\/v2\/comments?post=906"}],"version-history":[{"count":5,"href":"https:\/\/wess-broker.locawork.ee\/en\/wp-json\/wp\/v2\/pages\/906\/revisions"}],"predecessor-version":[{"id":2735,"href":"https:\/\/wess-broker.locawork.ee\/en\/wp-json\/wp\/v2\/pages\/906\/revisions\/2735"}],"wp:attachment":[{"href":"https:\/\/wess-broker.locawork.ee\/en\/wp-json\/wp\/v2\/media?parent=906"}],"curies":[{"name":"wp","href":"https:\/\/api.w.org\/{rel}","templated":true}]}}