{"id":931,"date":"2024-02-20T14:03:56","date_gmt":"2024-02-20T14:03:56","guid":{"rendered":"https:\/\/wess-broker.locawork.ee\/?page_id=931"},"modified":"2024-02-20T18:17:03","modified_gmt":"2024-02-20T18:17:03","slug":"miks-meid-valida","status":"publish","type":"page","link":"https:\/\/wess-broker.locawork.ee\/en\/miks-meid-valida\/","title":{"rendered":"Miks meid valida"},"content":{"rendered":"<div data-elementor-type=\"wp-page\" data-elementor-id=\"931\" class=\"elementor elementor-931\">\n\t\t\t\t<div class=\"elementor-element elementor-element-727bd28 e-flex e-con-boxed wpr-particle-no wpr-jarallax-no wpr-parallax-no wpr-sticky-section-no e-con e-parent\" data-id=\"727bd28\" data-element_type=\"container\">\n\t\t\t\t\t<div class=\"e-con-inner\">\n\t\t\t\t<div class=\"elementor-element elementor-element-fbf4ec2 elementor-widget elementor-widget-heading\" data-id=\"fbf4ec2\" data-element_type=\"widget\" data-widget_type=\"heading.default\">\n\t\t\t\t<div class=\"elementor-widget-container\">\n\t\t\t\t\t<h2 class=\"elementor-heading-title elementor-size-default\">Why to choose us?<\/h2>\t\t\t\t<\/div>\n\t\t\t\t<\/div>\n\t\t\t\t\t<\/div>\n\t\t\t\t<\/div>\n\t\t<div class=\"elementor-element elementor-element-f6d8716 e-flex e-con-boxed wpr-particle-no wpr-jarallax-no wpr-parallax-no wpr-sticky-section-no e-con e-parent\" data-id=\"f6d8716\" data-element_type=\"container\">\n\t\t\t\t\t<div class=\"e-con-inner\">\n\t\t<div class=\"elementor-element elementor-element-4ed5206 e-con-full e-flex wpr-particle-no wpr-jarallax-no wpr-parallax-no wpr-sticky-section-no e-con e-child\" data-id=\"4ed5206\" data-element_type=\"container\">\n\t\t\t\t<div class=\"elementor-element elementor-element-2c4752e elementor-widget elementor-widget-text-editor\" data-id=\"2c4752e\" data-element_type=\"widget\" data-widget_type=\"text-editor.default\">\n\t\t\t\t<div class=\"elementor-widget-container\">\n\t\t\t\t\t\t\t\t\t<p><strong>Customer-centric approach:<\/strong> Your satisfaction is our top priority. Our professional team is always ready to listen to your needs and offer you the right solutions.<\/p>\t\t\t\t\t\t\t\t<\/div>\n\t\t\t\t<\/div>\n\t\t\t\t<\/div>\n\t\t<div class=\"elementor-element elementor-element-a911c47 e-con-full e-flex wpr-particle-no wpr-jarallax-no wpr-parallax-no wpr-sticky-section-no e-con e-child\" data-id=\"a911c47\" data-element_type=\"container\">\n\t\t\t\t<div class=\"elementor-element elementor-element-cdc0882 elementor-widget elementor-widget-text-editor\" data-id=\"cdc0882\" data-element_type=\"widget\" data-widget_type=\"text-editor.default\">\n\t\t\t\t<div class=\"elementor-widget-container\">\n\t\t\t\t\t\t\t\t\t<p><strong>Modern facilities:<\/strong> Our warehouses are equipped with state-of-the-art technology and ensure safe and convenient storage of your goods.<\/p>\t\t\t\t\t\t\t\t<\/div>\n\t\t\t\t<\/div>\n\t\t\t\t<\/div>\n\t\t<div class=\"elementor-element elementor-element-6f476cd e-con-full e-flex wpr-particle-no wpr-jarallax-no wpr-parallax-no wpr-sticky-section-no e-con e-child\" data-id=\"6f476cd\" data-element_type=\"container\">\n\t\t\t\t<div class=\"elementor-element elementor-element-d8e1d8f elementor-widget elementor-widget-text-editor\" data-id=\"d8e1d8f\" data-element_type=\"widget\" data-widget_type=\"text-editor.default\">\n\t\t\t\t<div class=\"elementor-widget-container\">\n\t\t\t\t\t\t\t\t\t<p><strong>Customizable solutions:<\/strong> Olgu teie vajadused suured v\u00f5i v\u00e4ikesed, meie laopinnad pakuvad kohandatavaid lahendusi, mis vastavad t\u00e4pselt teie vajadustele.<\/p>\t\t\t\t\t\t\t\t<\/div>\n\t\t\t\t<\/div>\n\t\t\t\t<\/div>\n\t\t<div class=\"elementor-element elementor-element-33565f6 e-con-full e-flex wpr-particle-no wpr-jarallax-no wpr-parallax-no wpr-sticky-section-no e-con e-child\" data-id=\"33565f6\" data-element_type=\"container\">\n\t\t\t\t<div class=\"elementor-element elementor-element-0f5322d elementor-widget elementor-widget-text-editor\" data-id=\"0f5322d\" data-element_type=\"widget\" data-widget_type=\"text-editor.default\">\n\t\t\t\t<div class=\"elementor-widget-container\">\n\t\t\t\t\t\t\t\t\t<p><strong>Security:<\/strong> The security of your goods is our priority. Our warehouses are equipped with high-tech security systems that ensure complete protection for your goods.<\/p>\t\t\t\t\t\t\t\t<\/div>\n\t\t\t\t<\/div>\n\t\t\t\t<\/div>\n\t\t<div class=\"elementor-element elementor-element-834e9b8 e-con-full e-flex wpr-particle-no wpr-jarallax-no wpr-parallax-no wpr-sticky-section-no e-con e-child\" data-id=\"834e9b8\" data-element_type=\"container\">\n\t\t\t\t<div class=\"elementor-element elementor-element-e43448b elementor-widget elementor-widget-text-editor\" data-id=\"e43448b\" data-element_type=\"widget\" data-widget_type=\"text-editor.default\">\n\t\t\t\t<div class=\"elementor-widget-container\">\n\t\t\t\t\t\t\t\t\t<p><strong>Perfect service:<\/strong> Our friendly and professional team is always ready to help you and offer you comprehensive support and advice.<\/p>\t\t\t\t\t\t\t\t<\/div>\n\t\t\t\t<\/div>\n\t\t\t\t<\/div>\n\t\t<div class=\"elementor-element elementor-element-1958296 e-con-full e-flex wpr-particle-no wpr-jarallax-no wpr-parallax-no wpr-sticky-section-no e-con e-child\" data-id=\"1958296\" data-element_type=\"container\">\n\t\t\t\t<\/div>\n\t\t\t\t\t<\/div>\n\t\t\t\t<\/div>\n\t\t\t\t<\/div>","protected":false},"excerpt":{"rendered":"<p>Miks meid valida? Kliendikeskne l\u00e4henemine: Teie rahulolu on meie jaoks esmat\u00e4htis. Meie professionaalne meeskond on alati valmis kuulama teie vajadusi ja pakkuma teile just teile sobivaid lahendusi. Kaasaegsed rajatised: Meie laopinnad on varustatud tipptasemel tehnoloogiaga ja tagavad teie kaupadele turvalise ja mugava hoiustamise. Kohandatavad lahendused: Olgu teie vajadused suured v\u00f5i v\u00e4ikesed, meie laopinnad pakuvad kohandatavaid lahendusi, mis vastavad t\u00e4pselt teie vajadustele. Turvalisus: Teie kaupade turvalisus on meie prioriteet. Meie laopinnad on varustatud k\u00f5rgtehnoloogiliste turvas\u00fcsteemidega, mis tagavad teie kaupadele t\u00e4ieliku kaitse. Suurep\u00e4rane teenindus: Meie s\u00f5bralik ja professionaalne meeskond on alati valmis teid aitama ning pakkuma teile igak\u00fclgset tuge ja n\u00f5u.<\/p>","protected":false},"author":1,"featured_media":0,"parent":0,"menu_order":0,"comment_status":"closed","ping_status":"closed","template":"","meta":{"footnotes":""},"class_list":["post-931","page","type-page","status-publish","hentry"],"_links":{"self":[{"href":"https:\/\/wess-broker.locawork.ee\/en\/wp-json\/wp\/v2\/pages\/931","targetHints":{"allow":["GET"]}}],"collection":[{"href":"https:\/\/wess-broker.locawork.ee\/en\/wp-json\/wp\/v2\/pages"}],"about":[{"href":"https:\/\/wess-broker.locawork.ee\/en\/wp-json\/wp\/v2\/types\/page"}],"author":[{"embeddable":true,"href":"https:\/\/wess-broker.locawork.ee\/en\/wp-json\/wp\/v2\/users\/1"}],"replies":[{"embeddable":true,"href":"https:\/\/wess-broker.locawork.ee\/en\/wp-json\/wp\/v2\/comments?post=931"}],"version-history":[{"count":5,"href":"https:\/\/wess-broker.locawork.ee\/en\/wp-json\/wp\/v2\/pages\/931\/revisions"}],"predecessor-version":[{"id":1137,"href":"https:\/\/wess-broker.locawork.ee\/en\/wp-json\/wp\/v2\/pages\/931\/revisions\/1137"}],"wp:attachment":[{"href":"https:\/\/wess-broker.locawork.ee\/en\/wp-json\/wp\/v2\/media?parent=931"}],"curies":[{"name":"wp","href":"https:\/\/api.w.org\/{rel}","templated":true}]}}